{"id":15,"date":"2023-10-25T22:52:04","date_gmt":"2023-10-26T02:52:04","guid":{"rendered":"https:\/\/flowsureglobal.com.tr\/?page_id=15"},"modified":"2024-01-24T03:55:49","modified_gmt":"2024-01-24T07:55:49","slug":"about-us","status":"publish","type":"page","link":"https:\/\/flowsureglobal.com.tr\/tr\/about-us\/","title":{"rendered":"HAKKIMIZDA"},"content":{"rendered":"<p>1979 y\u0131l\u0131nda kurulan FLOWSURE Vana, uzun y\u0131llar boyunca edindi\u011fi sat\u0131\u015f sonras\u0131 ve pazarlama tecr\u00fcbesiyle Karatay \u0130l\u00e7esi'nde ilk kez vana \u00fcretimine ba\u015flam\u0131\u015ft\u0131r. Elastomer S\u00fcrg\u00fcl\u00fc vanalar, Kelebek vanalar, K\u00fcresel vanalar, Pislik tutucular, \u00c7ek valfler, Kompansat\u00f6rler,.. \u00fcretimine devam eden FLOWSURE, \u00fcr\u00fcn kalitesi, g\u00fcvenilirli\u011fi ile skt\u00f6rde en \u00e7ok tercih edilen markalardan olurken,  g\u00fcvenilirlik ve istikrar ile bu sekt\u00f6r\u00fcn lider firmalar\u0131ndan biri haline gelmektedir<\/p>\n<p>\u015eirketimiz hedefledi\u011fi ama\u00e7lar\u0131na uygun bir\u00e7ok i\u015fte ba\u015far\u0131l\u0131 olmu\u015ftur. Her zaman kaliteyi ve m\u00fc\u015fteriye hizmeti en \u00f6nce tutan \u015eirketimiz, hem \u0130\u00e7 Pazarda hem de Uluslararas\u0131 Pazarda da edindi\u011fi tecr\u00fcbe ile sat\u0131\u015f sonras\u0131 kalite ve hizmetlerde ba\u015far\u0131y\u0131 ve g\u00fcveni sa\u011flam\u0131\u015ft\u0131r.<\/p>\n<p>\u00dcretimde kaliteden \u00f6d\u00fcn vermeyen firmam\u0131z ISO 9001 \u2013 2016 Kalite Y\u00f6netim Sistemini uygulamaktad\u0131r. TSEK Belgesi ve \u00dcniversitelerden ald\u0131klar\u0131 belgelerle, kurumsal stat\u00fclerini s\u00fcrekli geli\u015ftiriyorlar. \u00dcr\u00fcnlerimiz Sat\u0131\u015f \u00d6ncesi Kalite Kontrol ekibimiz taraf\u0131ndan bas\u0131n\u00e7 ve performans testlerine yap\u0131lmaktad\u0131r. Teknik Destek Hizmeti, sat\u0131\u015f sonras\u0131 montaj ve bak\u0131m a\u015famalar\u0131nda tecr\u00fcbeli personelimiz taraf\u0131ndan verilmektedir. Ara\u015ft\u0131rma ve Geli\u015ftirme AR-GE faaliyetleri sonucunda bir\u00e7ok yeni \u00fcr\u00fcn geli\u015ftirilerek, m\u00fc\u015fterilerimizin hizmetine sunulmu\u015ftur. M\u00fc\u015fterilerine daha kaliteli ve g\u00fcvenli \u00fcr\u00fcnler sunmak i\u00e7in Ar-Ge yat\u0131r\u0131mlar\u0131na devam eden firmam\u0131z, dinamik kadrosu, g\u00fc\u00e7l\u00fc markas\u0131 ve s\u00fcrekli yenilenen yap\u0131s\u0131yla gelecekte de artan ba\u015far\u0131lar\u0131yla m\u00fc\u015fteri odakl\u0131 hizmetlerine devam edecektir.<\/p>","protected":false},"excerpt":{"rendered":"<p>FLOWSURE Valve, which was founded in 1979, with its after-sales and marketing experience gained over many years, has started to produce valves for the first time in Karatay District. FLOWSURE continues to produce Gate valves, Buttterfly valves, Ball valves, Strainers, Check valves, Expansion joints,.. and has become one of the leading companies in this industry&#8230;<\/p>","protected":false},"author":1,"featured_media":0,"parent":0,"menu_order":0,"comment_status":"closed","ping_status":"open","template":"page-left-sidebar.php","meta":{"footnotes":""},"class_list":["post-15","page","type-page","status-publish","hentry"],"_links":{"self":[{"href":"https:\/\/flowsureglobal.com.tr\/tr\/wp-json\/wp\/v2\/pages\/15","targetHints":{"allow":["GET"]}}],"collection":[{"href":"https:\/\/flowsureglobal.com.tr\/tr\/wp-json\/wp\/v2\/pages"}],"about":[{"href":"https:\/\/flowsureglobal.com.tr\/tr\/wp-json\/wp\/v2\/types\/page"}],"author":[{"embeddable":true,"href":"https:\/\/flowsureglobal.com.tr\/tr\/wp-json\/wp\/v2\/users\/1"}],"replies":[{"embeddable":true,"href":"https:\/\/flowsureglobal.com.tr\/tr\/wp-json\/wp\/v2\/comments?post=15"}],"version-history":[{"count":6,"href":"https:\/\/flowsureglobal.com.tr\/tr\/wp-json\/wp\/v2\/pages\/15\/revisions"}],"predecessor-version":[{"id":649,"href":"https:\/\/flowsureglobal.com.tr\/tr\/wp-json\/wp\/v2\/pages\/15\/revisions\/649"}],"wp:attachment":[{"href":"https:\/\/flowsureglobal.com.tr\/tr\/wp-json\/wp\/v2\/media?parent=15"}],"curies":[{"name":"wp","href":"https:\/\/api.w.org\/{rel}","templated":true}]}}