{"id":19,"date":"2023-10-25T22:52:37","date_gmt":"2023-10-26T02:52:37","guid":{"rendered":"https:\/\/flowsureglobal.com.tr\/?page_id=19"},"modified":"2023-12-13T03:55:29","modified_gmt":"2023-12-13T07:55:29","slug":"quality-system","status":"publish","type":"page","link":"https:\/\/flowsureglobal.com.tr\/tr\/quality-system\/","title":{"rendered":"KAL\u0130TE S\u0130STEM\u0130"},"content":{"rendered":"<ul>\n<li>Standartlara uygun, kaliteli ve g\u00fcvenilir \u00fcr\u00fcnler \u00fcreterek sekt\u00f6rde lider olmak<\/li>\n<li>M\u00fc\u015fterilerimizin beklentilerine g\u00f6re iyi organize edilmi\u015f bir \u00fcretim plan\u0131yla sipari\u015fleri en k\u0131sa s\u00fcrede teslim etmek<\/li>\n<li>En y\u00fcksek teknolojiyi takip etmek, iyi e\u011fitimli personel ile verimlili\u011fi art\u0131rmak, s\u00fcrekli iyile\u015ftirmeyi sa\u011flamak<\/li>\n<li>Yurti\u00e7i ve yurtd\u0131\u015f\u0131 pazarlarda kaliteli ve geni\u015f \u00fcr\u00fcn yelpazemizle en \u00e7ok tercih edilen marka olmak.<\/li>\n<\/ul>","protected":false},"excerpt":{"rendered":"<p>To be the leader in the sector by producing high quality and reliable products according to the standards Deliver the orders in a shortest time with a well organized production plan according to our customers expectations Follow the highest technology, increase the efficiency by well educated personnel, maintain continous improvement To be the mostly preferred&#8230;<\/p>","protected":false},"author":1,"featured_media":0,"parent":0,"menu_order":0,"comment_status":"closed","ping_status":"open","template":"","meta":{"footnotes":""},"class_list":["post-19","page","type-page","status-publish","hentry"],"_links":{"self":[{"href":"https:\/\/flowsureglobal.com.tr\/tr\/wp-json\/wp\/v2\/pages\/19","targetHints":{"allow":["GET"]}}],"collection":[{"href":"https:\/\/flowsureglobal.com.tr\/tr\/wp-json\/wp\/v2\/pages"}],"about":[{"href":"https:\/\/flowsureglobal.com.tr\/tr\/wp-json\/wp\/v2\/types\/page"}],"author":[{"embeddable":true,"href":"https:\/\/flowsureglobal.com.tr\/tr\/wp-json\/wp\/v2\/users\/1"}],"replies":[{"embeddable":true,"href":"https:\/\/flowsureglobal.com.tr\/tr\/wp-json\/wp\/v2\/comments?post=19"}],"version-history":[{"count":4,"href":"https:\/\/flowsureglobal.com.tr\/tr\/wp-json\/wp\/v2\/pages\/19\/revisions"}],"predecessor-version":[{"id":450,"href":"https:\/\/flowsureglobal.com.tr\/tr\/wp-json\/wp\/v2\/pages\/19\/revisions\/450"}],"wp:attachment":[{"href":"https:\/\/flowsureglobal.com.tr\/tr\/wp-json\/wp\/v2\/media?parent=19"}],"curies":[{"name":"wp","href":"https:\/\/api.w.org\/{rel}","templated":true}]}}