{"id":585,"date":"2024-01-12T23:13:37","date_gmt":"2024-01-13T03:13:37","guid":{"rendered":"https:\/\/flowsureglobal.com.tr\/?post_type=product&#038;p=585"},"modified":"2024-01-12T23:16:06","modified_gmt":"2024-01-13T03:16:06","slug":"f-650-dynamic-balancing-valve-wafer-type","status":"publish","type":"product","link":"https:\/\/flowsureglobal.com.tr\/tr\/urun\/f-650-dynamic-balancing-valve-wafer-type\/","title":{"rendered":"F.650 \u2013 D\u0130NAM\u0130K BALANS VANASI WAFER T\u0130P\u0130"},"content":{"rendered":"<p>The valves F.650 balance the flow in main circuits or single sections of heating or conditioning plants.<br \/>\nTek kullan\u0131c\u0131lar\u0131n beslemesindeki d\u00fczensizliklerin (g\u00fcr\u00fclt\u00fcye neden olabilecek ve tesis bile\u015fenlerine zarar verebilecek d\u00fczensizlikler) d\u00fczeltilmesine olanak tan\u0131r ve bunun sonucunda \u00e7evre konforunu art\u0131r\u0131r ve enerji t\u00fcketimini optimize eder.<br \/>\nSistem bas\u0131nc\u0131, \u00e7al\u0131\u015fma bas\u0131nc\u0131 fark\u0131 dalgalanmas\u0131 kapsam\u0131na girdi\u011finde de\u011fi\u015fimi dinamik olarak dengeleyebilir ve borudaki ak\u0131\u015f\u0131n sabit kalmas\u0131n\u0131 sa\u011flayabilir.<br \/>\nHassas kalibre edilmi\u015f valf tapas\u0131, ak\u0131\u015f sapmas\u0131n\u0131 \u00b1%5'ten fazla tutmaz.<br \/>\nAk\u0131\u015f h\u0131z\u0131 fabrikada \u00f6nceden ayarlanm\u0131\u015f olup, her boyut i\u00e7in birden fazla \u0394P aral\u0131\u011f\u0131 mevcuttur<br \/>\nYerinde devreye alma gerekmedi\u011fi i\u00e7in zamandan ve i\u015f\u00e7ilik maliyetlerinden tasarruf edilir<br \/>\nSistem de\u011fi\u015fikliklerinden sonra yeniden dengelemeye gerek yok<\/p>\n<p><span style=\"font-size: 14.4px;\"><a href=\"https:\/\/flowsureglobal.com.tr\/wp-content\/uploads\/2024\/01\/F.650-Dynamic-balancing-valve-Wafer-type-1.pdf\" target=\"_self\" class=\"button primary is-shade box-shadow-3 box-shadow-5-hover\"  style=\"border-radius:5px;\">\r\n    <span>Catalogue<\/span>\r\n  <\/a>\r\n<\/span><\/p>","protected":false},"excerpt":{"rendered":"<table width=\"416\">\n<tbody>\n<tr>\n<td style=\"color: #004e95; background-color: #e1f4fd;\" colspan=\"2\"><strong>F.650<\/strong><\/td>\n<\/tr>\n<tr>\n<td colspan=\"2\"><strong>DN50 \u2192 DN500<\/strong><\/td>\n<\/tr>\n<tr>\n<td width=\"170\"><strong>Ba\u011flant\u0131 Standard\u0131<\/strong><\/td>\n<td width=\"246\">EN1092-1\/2<\/td>\n<\/tr>\n<tr>\n<td width=\"170\"><strong>Testler<\/strong><\/td>\n<td width=\"246\">TS EN 12266-1<\/td>\n<\/tr>\n<tr>\n<td width=\"170\"><strong>Anma Bas\u0131nc\u0131<\/strong><\/td>\n<td width=\"246\">PN16<\/td>\n<\/tr>\n<tr>\n<td width=\"170\"><\/td>\n<td width=\"246\"><\/td>\n<\/tr>\n<tr>\n<td width=\"170\"><\/td>\n<td width=\"246\"><\/td>\n<\/tr>\n<\/tbody>\n<\/table>","protected":false},"featured_media":586,"template":"","meta":[],"product_brand":[],"product_cat":[27],"product_tag":[],"class_list":{"0":"post-585","1":"product","2":"type-product","3":"status-publish","4":"has-post-thumbnail","6":"product_cat-flowsure-balancing","8":"first","9":"instock","10":"shipping-taxable","11":"product-type-simple"},"_links":{"self":[{"href":"https:\/\/flowsureglobal.com.tr\/tr\/wp-json\/wp\/v2\/product\/585","targetHints":{"allow":["GET"]}}],"collection":[{"href":"https:\/\/flowsureglobal.com.tr\/tr\/wp-json\/wp\/v2\/product"}],"about":[{"href":"https:\/\/flowsureglobal.com.tr\/tr\/wp-json\/wp\/v2\/types\/product"}],"wp:featuredmedia":[{"embeddable":true,"href":"https:\/\/flowsureglobal.com.tr\/tr\/wp-json\/wp\/v2\/media\/586"}],"wp:attachment":[{"href":"https:\/\/flowsureglobal.com.tr\/tr\/wp-json\/wp\/v2\/media?parent=585"}],"wp:term":[{"taxonomy":"product_brand","embeddable":true,"href":"https:\/\/flowsureglobal.com.tr\/tr\/wp-json\/wp\/v2\/product_brand?post=585"},{"taxonomy":"product_cat","embeddable":true,"href":"https:\/\/flowsureglobal.com.tr\/tr\/wp-json\/wp\/v2\/product_cat?post=585"},{"taxonomy":"product_tag","embeddable":true,"href":"https:\/\/flowsureglobal.com.tr\/tr\/wp-json\/wp\/v2\/product_tag?post=585"}],"curies":[{"name":"wp","href":"https:\/\/api.w.org\/{rel}","templated":true}]}}