{"id":594,"date":"2024-01-14T22:57:41","date_gmt":"2024-01-15T02:57:41","guid":{"rendered":"https:\/\/flowsureglobal.com.tr\/?post_type=product&#038;p=594"},"modified":"2024-01-14T23:00:08","modified_gmt":"2024-01-15T03:00:08","slug":"f-720-ball-valve-flanged","status":"publish","type":"product","link":"https:\/\/flowsureglobal.com.tr\/tr\/urun\/f-720-ball-valve-flanged\/","title":{"rendered":"F.720 \u2013 K\u00dcRESEL VANA FLAN\u015eLI"},"content":{"rendered":"<p>F.720 modeli vana, g\u00f6vdesi d\u00f6kme demirden ve y\u00fczer bilyeli, zorlu \u00fcr\u00fcn standartlar\u0131na ve ISO 9001 kalite y\u00f6netimine uygun olarak \u00fcretilmi\u015f flan\u015fl\u0131 k\u00fcresel vanad\u0131r.<\/p>\n<p>Is\u0131tma ve iklimlendirme (HVAC), b\u00f6lgesel \u0131s\u0131tma, da\u011f\u0131t\u0131m ve su ar\u0131tma, at\u0131k su, end\u00fcstriyel uygulamalar, tar\u0131msal ama\u00e7lar, bas\u0131n\u00e7l\u0131 hava i\u015fleme, ya\u011flar ve hidrokarbonlar i\u00e7in uygundur.<\/p>\n<p><strong><u>EVET:<\/u><\/strong> Hat i\u00e7i ve hat sonu kurulumlar\u0131 ve s\u0131k etkili servisler i\u00e7in entegre ISO 5211 deste\u011fi, geni\u015f kapsaml\u0131 bir akt\u00fcat\u00f6r\u00fcn kurulumuna olanak sa\u011flar. F.720 k\u00fcresel vanalar tam ve d\u00fcz ge\u00e7i\u015flidir, t\u00fcrb\u00fclanslar\u0131 azalt\u0131r ve y\u00fck kayb\u0131n\u0131 en aza indirir.<\/p>\n<p><strong>HAYIR:<\/strong> buhar i\u00e7in, bo\u011fulma ve ak\u0131\u015f\u0131n d\u00fczenlenmesi i\u00e7in<\/p>\n<p><span style=\"font-size: 14.4px;\"><a href=\"https:\/\/flowsureglobal.com.tr\/wp-content\/uploads\/2024\/01\/F.720-Ball-valve-flanged-25.pdf\" target=\"_self\" class=\"button primary is-shade box-shadow-3 box-shadow-5-hover\"  style=\"border-radius:5px;\">\r\n    <span>Catalogue<\/span>\r\n  <\/a>\r\n<\/span><\/p>","protected":false},"excerpt":{"rendered":"<table width=\"416\">\n<tbody>\n<tr>\n<td style=\"color: #004e95; background-color: #e1f4fd;\" colspan=\"2\"><strong>F.720<\/strong><\/td>\n<\/tr>\n<tr>\n<td colspan=\"2\"><strong>DN40 \u2192 DN600<\/strong><\/td>\n<\/tr>\n<tr>\n<td width=\"170\"><strong>Tasar\u0131m<\/strong><\/td>\n<td width=\"246\">TS EN 1171<\/td>\n<\/tr>\n<tr>\n<td width=\"170\"><strong>Flan\u015f Boyutlar\u0131<\/strong><\/td>\n<td width=\"246\">EN 1092-2<\/td>\n<\/tr>\n<tr>\n<td width=\"170\"><strong>Al\u0131ndan Al\u0131na Boyutlar<\/strong><\/td>\n<td width=\"246\">TS EN 558 (Seri 14)<\/td>\n<\/tr>\n<tr>\n<td width=\"170\"><strong>Testler<\/strong><\/td>\n<td width=\"246\">TS EN 12266-1<\/td>\n<\/tr>\n<tr>\n<td width=\"170\"><strong>Anma Bas\u0131nc\u0131<\/strong><\/td>\n<td width=\"246\">PN16<\/td>\n<\/tr>\n<\/tbody>\n<\/table>","protected":false},"featured_media":595,"template":"","meta":[],"product_brand":[],"product_cat":[16],"product_tag":[],"class_list":{"0":"post-594","1":"product","2":"type-product","3":"status-publish","4":"has-post-thumbnail","6":"product_cat-ball-valve","8":"first","9":"instock","10":"shipping-taxable","11":"product-type-simple"},"_links":{"self":[{"href":"https:\/\/flowsureglobal.com.tr\/tr\/wp-json\/wp\/v2\/product\/594","targetHints":{"allow":["GET"]}}],"collection":[{"href":"https:\/\/flowsureglobal.com.tr\/tr\/wp-json\/wp\/v2\/product"}],"about":[{"href":"https:\/\/flowsureglobal.com.tr\/tr\/wp-json\/wp\/v2\/types\/product"}],"wp:featuredmedia":[{"embeddable":true,"href":"https:\/\/flowsureglobal.com.tr\/tr\/wp-json\/wp\/v2\/media\/595"}],"wp:attachment":[{"href":"https:\/\/flowsureglobal.com.tr\/tr\/wp-json\/wp\/v2\/media?parent=594"}],"wp:term":[{"taxonomy":"product_brand","embeddable":true,"href":"https:\/\/flowsureglobal.com.tr\/tr\/wp-json\/wp\/v2\/product_brand?post=594"},{"taxonomy":"product_cat","embeddable":true,"href":"https:\/\/flowsureglobal.com.tr\/tr\/wp-json\/wp\/v2\/product_cat?post=594"},{"taxonomy":"product_tag","embeddable":true,"href":"https:\/\/flowsureglobal.com.tr\/tr\/wp-json\/wp\/v2\/product_tag?post=594"}],"curies":[{"name":"wp","href":"https:\/\/api.w.org\/{rel}","templated":true}]}}