{"id":617,"date":"2024-01-16T22:45:59","date_gmt":"2024-01-17T02:45:59","guid":{"rendered":"https:\/\/flowsureglobal.com.tr\/?post_type=product&#038;p=617"},"modified":"2024-01-16T22:48:34","modified_gmt":"2024-01-17T02:48:34","slug":"f-800-pressure-reducing-valve","status":"publish","type":"product","link":"https:\/\/flowsureglobal.com.tr\/tr\/urun\/f-800-pressure-reducing-valve\/","title":{"rendered":"F.800 \u2013 BASIN\u00c7 D\u00dc\u015e\u00dcR\u00dcC\u00dc VANA"},"content":{"rendered":"<p>Flan\u015fl\u0131 bas\u0131n\u00e7 d\u00fc\u015f\u00fcr\u00fcc\u00fc vanalar, k\u00fcre tipi, bas\u0131nc\u0131n d\u00fc\u015f\u00fcr\u00fclmesi ve kontrol edilmesi i\u00e7in uygundur.<\/p>\n<p>Epoksi kaplamal\u0131 s\u00fcnek demirden yap\u0131lm\u0131\u015ft\u0131r. Vanalar su temini, yang\u0131nla m\u00fccadele, end\u00fcstriyel sistemler ve tar\u0131msal sulama i\u00e7in uygundur.<\/p>\n<p><strong>EVET:<\/strong> bas\u0131n\u00e7 d\u00fc\u015f\u00fcr\u00fcc\u00fc vana \u015fu ama\u00e7larla kullan\u0131l\u0131r:<\/p>\n<p>\u0097 Al\u00e7ak bas\u0131n\u00e7 \u015febekesini y\u00fcksek bas\u0131n\u00e7 \u015febekesinden besleyin.<\/p>\n<p>\u0097 Bir tesisin veya cihaz\u0131n hassas bir b\u00f6l\u00fcm\u00fcn\u00fc koruyun<\/p>\n<p>\u0097 S\u0131hhi tesisatlarda bas\u0131n\u00e7 seviyesini maksimum de\u011ferin alt\u0131nda tutmak.<\/p>\n<p>\u0097 Da\u011f\u0131t\u0131m a\u011f\u0131n\u0131n bas\u0131nc\u0131n\u0131 azaltmak ve dengelemek i\u00e7in tanklar\u0131n veya biriktirme havuzlar\u0131n\u0131n ak\u0131\u015f a\u015fa\u011f\u0131s\u0131nda.<\/p>\n<p><strong>HAYIR:<\/strong> buhar ve gaz i\u00e7in.<\/p>\n<p><span style=\"font-size: 14.4px;\"><a href=\"https:\/\/flowsureglobal.com.tr\/wp-content\/uploads\/2024\/01\/F.820-Pressure-Relief-valve-25-1.pdf\" target=\"_self\" class=\"button primary is-shade box-shadow-3 box-shadow-5-hover\"  style=\"border-radius:5px;\">\r\n    <span>Catalogue<\/span>\r\n  <\/a>\r\n<\/span><\/p>","protected":false},"excerpt":{"rendered":"<table width=\"416\">\n<tbody>\n<tr>\n<td style=\"color: #004e95; background-color: #e1f4fd;\" colspan=\"2\"><strong>F.800<\/strong><\/td>\n<\/tr>\n<tr>\n<td colspan=\"2\"><strong>DN50 \u2192 DN600<\/strong><\/td>\n<\/tr>\n<tr>\n<td width=\"170\"><strong>Flan\u015f Boyutlar\u0131<\/strong><\/td>\n<td width=\"246\">EN 1092-2<\/td>\n<\/tr>\n<tr>\n<td width=\"170\"><strong>Al\u0131ndan Al\u0131na Boyutlar<\/strong><\/td>\n<td width=\"246\">TS EN 558<\/td>\n<\/tr>\n<tr>\n<td width=\"170\"><strong>Testler<\/strong><\/td>\n<td width=\"246\">TS EN 12266-1<\/td>\n<\/tr>\n<tr>\n<td width=\"170\"><strong>Anma Bas\u0131nc\u0131<\/strong><\/td>\n<td width=\"246\">PN16<\/td>\n<\/tr>\n<tr>\n<td width=\"170\">&nbsp;<\/td>\n<td width=\"246\">&nbsp;<\/td>\n<\/tr>\n<\/tbody>\n<\/table>","protected":false},"featured_media":616,"template":"","meta":[],"product_brand":[],"product_cat":[23],"product_tag":[],"class_list":{"0":"post-617","1":"product","2":"type-product","3":"status-publish","4":"has-post-thumbnail","6":"product_cat-hydraulic-control-valve","8":"first","9":"instock","10":"shipping-taxable","11":"product-type-simple"},"_links":{"self":[{"href":"https:\/\/flowsureglobal.com.tr\/tr\/wp-json\/wp\/v2\/product\/617","targetHints":{"allow":["GET"]}}],"collection":[{"href":"https:\/\/flowsureglobal.com.tr\/tr\/wp-json\/wp\/v2\/product"}],"about":[{"href":"https:\/\/flowsureglobal.com.tr\/tr\/wp-json\/wp\/v2\/types\/product"}],"wp:featuredmedia":[{"embeddable":true,"href":"https:\/\/flowsureglobal.com.tr\/tr\/wp-json\/wp\/v2\/media\/616"}],"wp:attachment":[{"href":"https:\/\/flowsureglobal.com.tr\/tr\/wp-json\/wp\/v2\/media?parent=617"}],"wp:term":[{"taxonomy":"product_brand","embeddable":true,"href":"https:\/\/flowsureglobal.com.tr\/tr\/wp-json\/wp\/v2\/product_brand?post=617"},{"taxonomy":"product_cat","embeddable":true,"href":"https:\/\/flowsureglobal.com.tr\/tr\/wp-json\/wp\/v2\/product_cat?post=617"},{"taxonomy":"product_tag","embeddable":true,"href":"https:\/\/flowsureglobal.com.tr\/tr\/wp-json\/wp\/v2\/product_tag?post=617"}],"curies":[{"name":"wp","href":"https:\/\/api.w.org\/{rel}","templated":true}]}}