{"id":622,"date":"2024-01-17T03:35:51","date_gmt":"2024-01-17T07:35:51","guid":{"rendered":"https:\/\/flowsureglobal.com.tr\/?post_type=product&#038;p=622"},"modified":"2024-01-17T03:41:08","modified_gmt":"2024-01-17T07:41:08","slug":"f-820-pressure-relief-valve","status":"publish","type":"product","link":"https:\/\/flowsureglobal.com.tr\/tr\/urun\/f-820-pressure-relief-valve\/","title":{"rendered":"F.820 \u2013 BASIN\u00c7 TAHL\u0130YE VANASI"},"content":{"rendered":"<p>K\u00fcre tipi flan\u015fl\u0131 bas\u0131n\u00e7 tahliye kontrol vanalar\u0131, hidrolik olarak \u00e7al\u0131\u015ft\u0131r\u0131lan kontrol vanalar\u0131d\u0131r ve ak\u0131\u015f h\u0131z\u0131 de\u011fi\u015fimlerinden ba\u011f\u0131ms\u0131z olarak vanan\u0131n giri\u015f bas\u0131n\u00e7 de\u011ferini sabit ve sabit tutacak \u015fekilde tasarlanm\u0131\u015ft\u0131r. Hat bas\u0131nc\u0131 ayarlanan vana bas\u0131n\u00e7 seviyesinden y\u00fcksek oldu\u011funda vana tamamen a\u00e7\u0131larak giri\u015f bas\u0131nc\u0131 sabit tutulur. Ani bas\u0131n\u00e7 art\u0131\u015f\u0131 durumunda bas\u0131nca duyarl\u0131 olarak daha y\u00fcksek bas\u0131n\u00e7 dalgas\u0131n\u0131 serbest b\u0131rak\u0131r ve bu sayede su sistemi d\u00fczenli \u00e7al\u0131\u015f\u0131r. Ana vanada ak\u0131\u015f olmad\u0131\u011f\u0131nda tam s\u0131zd\u0131rmaz \u015fekilde kendi kendine kapan\u0131r. Valflerin hidrodinamik g\u00f6vdesi, engelsiz ak\u0131\u015f yolu i\u00e7in tasarlanm\u0131\u015ft\u0131r ve y\u00fcksek diferansiyel bas\u0131n\u00e7 uygulamalar\u0131 i\u00e7in m\u00fckemmel ve son derece etkili mod\u00fclasyon kapasitesi sa\u011flar.<\/p>\n<p>Epoksi kaplamal\u0131 s\u00fcnek demirden yap\u0131lm\u0131\u015ft\u0131r. Vanalar su temini, yang\u0131nla m\u00fccadele ve end\u00fcstriyel sistemler i\u00e7in uygundur.<\/p>\n<p><strong>HAYIR:<\/strong> buhar ve gaz i\u00e7in.<\/p>\n<p><span style=\"font-size: 14.4px;\"><a href=\"https:\/\/flowsureglobal.com.tr\/wp-content\/uploads\/2024\/01\/F.820-Pressure-Relief-valve-25.pdf\" target=\"_self\" class=\"button primary is-shade box-shadow-3 box-shadow-5-hover\"  style=\"border-radius:5px;\">\r\n    <span>Catalogue<\/span>\r\n  <\/a>\r\n<\/span><\/p>","protected":false},"excerpt":{"rendered":"<table width=\"416\">\n<tbody>\n<tr>\n<td style=\"color: #004e95; background-color: #e1f4fd;\" colspan=\"2\"><strong>F.820<\/strong><\/td>\n<\/tr>\n<tr>\n<td colspan=\"2\"><strong>DN50 \u2192 DN600<\/strong><\/td>\n<\/tr>\n<tr>\n<td width=\"170\"><strong>Flan\u015f Boyutlar\u0131<\/strong><\/td>\n<td width=\"246\">EN 1092-2<\/td>\n<\/tr>\n<tr>\n<td width=\"170\"><strong>Al\u0131ndan Al\u0131na Boyutlar<\/strong><\/td>\n<td width=\"246\">TS EN 558<\/td>\n<\/tr>\n<tr>\n<td width=\"170\"><strong>Testler<\/strong><\/td>\n<td width=\"246\">TS EN 12266-1<\/td>\n<\/tr>\n<tr>\n<td width=\"170\"><strong>Anma Bas\u0131nc\u0131<\/strong><\/td>\n<td width=\"246\">PN16<\/td>\n<\/tr>\n<tr>\n<td width=\"170\">&nbsp;<\/td>\n<td width=\"246\">&nbsp;<\/td>\n<\/tr>\n<\/tbody>\n<\/table>","protected":false},"featured_media":624,"template":"","meta":[],"product_brand":[],"product_cat":[23],"product_tag":[],"class_list":{"0":"post-622","1":"product","2":"type-product","3":"status-publish","4":"has-post-thumbnail","6":"product_cat-hydraulic-control-valve","8":"first","9":"instock","10":"shipping-taxable","11":"product-type-simple"},"_links":{"self":[{"href":"https:\/\/flowsureglobal.com.tr\/tr\/wp-json\/wp\/v2\/product\/622","targetHints":{"allow":["GET"]}}],"collection":[{"href":"https:\/\/flowsureglobal.com.tr\/tr\/wp-json\/wp\/v2\/product"}],"about":[{"href":"https:\/\/flowsureglobal.com.tr\/tr\/wp-json\/wp\/v2\/types\/product"}],"wp:featuredmedia":[{"embeddable":true,"href":"https:\/\/flowsureglobal.com.tr\/tr\/wp-json\/wp\/v2\/media\/624"}],"wp:attachment":[{"href":"https:\/\/flowsureglobal.com.tr\/tr\/wp-json\/wp\/v2\/media?parent=622"}],"wp:term":[{"taxonomy":"product_brand","embeddable":true,"href":"https:\/\/flowsureglobal.com.tr\/tr\/wp-json\/wp\/v2\/product_brand?post=622"},{"taxonomy":"product_cat","embeddable":true,"href":"https:\/\/flowsureglobal.com.tr\/tr\/wp-json\/wp\/v2\/product_cat?post=622"},{"taxonomy":"product_tag","embeddable":true,"href":"https:\/\/flowsureglobal.com.tr\/tr\/wp-json\/wp\/v2\/product_tag?post=622"}],"curies":[{"name":"wp","href":"https:\/\/api.w.org\/{rel}","templated":true}]}}